{"id":308,"date":"2020-01-13T11:17:52","date_gmt":"2020-01-13T08:17:52","guid":{"rendered":"https:\/\/demosites.io\/web-agency-gb\/?page_id=5"},"modified":"2022-10-17T11:25:44","modified_gmt":"2022-10-17T08:25:44","slug":"anasayfa","status":"publish","type":"page","link":"https:\/\/hitaybaran.com\/","title":{"rendered":"Anasayfa"},"content":{"rendered":"\n<hr class=\"wp-block-separator has-alpha-channel-opacity\"\/>\n\n\n\n<div class=\"wp-block-cover alignfull is-light\" style=\"min-height:600px;aspect-ratio:unset;\"><span aria-hidden=\"true\" class=\"wp-block-cover__background has-background-dim-0 has-background-dim\"><\/span><img loading=\"lazy\" decoding=\"async\" width=\"2560\" height=\"1318\" class=\"wp-block-cover__image-background wp-image-366\" alt=\"\" src=\"http:\/\/hitaybaran.com\/wp-content\/uploads\/2022\/10\/slayt-bg.jpg\" style=\"object-position:47% 5%\" data-object-fit=\"cover\" data-object-position=\"47% 5%\" srcset=\"https:\/\/hitaybaran.com\/wp-content\/uploads\/2022\/10\/slayt-bg.jpg 2560w, https:\/\/hitaybaran.com\/wp-content\/uploads\/2022\/10\/slayt-bg-300x154.jpg 300w, https:\/\/hitaybaran.com\/wp-content\/uploads\/2022\/10\/slayt-bg-1024x527.jpg 1024w, https:\/\/hitaybaran.com\/wp-content\/uploads\/2022\/10\/slayt-bg-768x395.jpg 768w, https:\/\/hitaybaran.com\/wp-content\/uploads\/2022\/10\/slayt-bg-1536x791.jpg 1536w, https:\/\/hitaybaran.com\/wp-content\/uploads\/2022\/10\/slayt-bg-2048x1054.jpg 2048w\" sizes=\"auto, (max-width: 2560px) 100vw, 2560px\" \/><div class=\"wp-block-cover__inner-container is-layout-flow wp-block-cover-is-layout-flow\">\n<div style=\"height:80px\" aria-hidden=\"true\" class=\"wp-block-spacer\"><\/div>\n\n\n\n<h2 class=\"has-text-align-center has-text-color wp-block-heading\" style=\"color:#121212\">Planlama, Gayrimenkul ve Proje Dan\u0131\u015fmanl\u0131k<\/h2>\n\n\n\n<p><\/p>\n\n\n\n<div class=\"wp-block-buttons is-horizontal is-content-justification-center is-layout-flex wp-container-core-buttons-is-layout-499968f5 wp-block-buttons-is-layout-flex\">\n<div class=\"wp-block-button is-style-primary\"><a class=\"wp-block-button__link\" href=\"http:\/\/hitaybaran.com\/index.php\/hizmetlerim\/\">Hizmetlerimiz<\/a><\/div>\n\n\n\n<div class=\"wp-block-button is-style-secondary\"><a class=\"wp-block-button__link\" href=\"http:\/\/hitaybaran.com\/index.php\/iletisim\/\">\u0130leti\u015fim<\/a><\/div>\n<\/div>\n\n\n\n<div style=\"height:80px\" aria-hidden=\"true\" class=\"wp-block-spacer\"><\/div>\n\n\n\n<div style=\"height:80px\" aria-hidden=\"true\" class=\"wp-block-spacer\"><\/div>\n<\/div><\/div>\n\n\n\n<p><\/p>\n\n\n\n<hr class=\"wp-block-separator has-alpha-channel-opacity\"\/>\n\n\n\n<div class=\"wp-block-columns is-layout-flex wp-container-core-columns-is-layout-9d6595d7 wp-block-columns-is-layout-flex\">\n<div class=\"wp-block-column is-layout-flow wp-block-column-is-layout-flow\"><div class=\"wp-block-image icon-style is-style-rounded\">\n<figure class=\"aligncenter size-large\"><img loading=\"lazy\" decoding=\"async\" width=\"72\" height=\"72\" src=\"http:\/\/hitaybaran.com\/wp-content\/uploads\/2020\/01\/neve-webdesign-GB-03.png\" alt=\"\" class=\"wp-image-20\" title=\"\"\/><\/figure>\n<\/div>\n\n\n<h3 class=\"has-text-align-center has-neve-text-color-color has-text-color wp-block-heading\">\u0130mar Planlama<\/h3>\n\n\n\n<p class=\"has-text-align-center\">\u015eehir ve B\u00f6lge planlama, her t\u00fcr \u00f6l\u00e7ekte imar plan\u0131, imar uygulamalar\u0131 ihtiya\u00e7lar\u0131n\u0131zda profesyonel destek ve hizmet<\/p>\n\n\n\n<div style=\"height:20px\" aria-hidden=\"true\" class=\"wp-block-spacer\"><\/div>\n<\/div>\n\n\n\n<div class=\"wp-block-column is-layout-flow wp-block-column-is-layout-flow\"><div class=\"wp-block-image icon-style is-style-rounded\">\n<figure class=\"aligncenter size-large\"><img loading=\"lazy\" decoding=\"async\" width=\"72\" height=\"72\" src=\"http:\/\/hitaybaran.com\/wp-content\/uploads\/2020\/01\/neve-webdesign-GB-03.png\" alt=\"\" class=\"wp-image-20\" title=\"\"\/><\/figure>\n<\/div>\n\n\n<h3 class=\"has-text-align-center has-neve-text-color-color has-text-color wp-block-heading\">Gayrimenkul Dan\u0131\u015fmanl\u0131\u011f\u0131<\/h3>\n\n\n\n<p class=\"has-text-align-center\">Gayrimenkul yat\u0131r\u0131m, gayrimenkul geli\u015ftirme ve kurumsal markalara gayrimenkul kiralama dan\u0131\u015fmanl\u0131\u011f\u0131<\/p>\n\n\n\n<div style=\"height:20px\" aria-hidden=\"true\" class=\"wp-block-spacer\"><\/div>\n<\/div>\n\n\n\n<div class=\"wp-block-column is-layout-flow wp-block-column-is-layout-flow\"><div class=\"wp-block-image icon-style is-style-rounded\">\n<figure class=\"aligncenter size-large\"><img loading=\"lazy\" decoding=\"async\" width=\"72\" height=\"72\" src=\"http:\/\/hitaybaran.com\/wp-content\/uploads\/2020\/01\/neve-webdesign-GB-04.png\" alt=\"\" class=\"wp-image-21\"\/><\/figure>\n<\/div>\n\n\n<h3 class=\"has-text-align-center has-neve-text-color-color has-text-color wp-block-heading\">Proje Y\u00f6netimi<\/h3>\n\n\n\n<p class=\"has-text-align-center\">Her \u00f6l\u00e7ekteki proje ve in\u015faat organizasyonlar\u0131n\u0131 y\u00f6netmek, proje y\u00f6netimi hizmetini vermek<\/p>\n\n\n\n<p class=\"has-text-align-center\">(imar plan\u0131ndan yap\u0131 kullanma izin belgesine kadar)  <\/p>\n\n\n\n<div style=\"height:20px\" aria-hidden=\"true\" class=\"wp-block-spacer\"><\/div>\n<\/div>\n\n\n\n<div class=\"wp-block-column is-layout-flow wp-block-column-is-layout-flow\"><div class=\"wp-block-image icon-style is-style-rounded\">\n<figure class=\"aligncenter size-large\"><img loading=\"lazy\" decoding=\"async\" width=\"72\" height=\"72\" src=\"http:\/\/hitaybaran.com\/wp-content\/uploads\/2020\/01\/neve-webdesign-GB-01.png\" alt=\"\" class=\"wp-image-18\"\/><\/figure>\n<\/div>\n\n\n<h3 class=\"has-text-align-center has-neve-text-color-color has-text-color wp-block-heading\">Organize Sanayi B\u00f6lgeleri <\/h3>\n\n\n\n<p class=\"has-text-align-center\">Tar\u0131ma Dayal\u0131 \u0130htisas OSB ve Karma OSB&#8217;lerin yer se\u00e7im, kurulu\u015f, fizibilite, harita, imara esas jeolojik et\u00fcd, yerle\u015fim plan\u0131, imar plan\u0131, \u00fcst mod\u00fcl projeleri, altyap\u0131 projeleri haz\u0131rlamak<\/p>\n\n\n\n<div style=\"height:20px\" aria-hidden=\"true\" class=\"wp-block-spacer\"><\/div>\n<\/div>\n\n\n\n<div class=\"wp-block-column is-layout-flow wp-block-column-is-layout-flow\"><div class=\"wp-block-image icon-style is-style-rounded\">\n<figure class=\"aligncenter size-large\"><img loading=\"lazy\" decoding=\"async\" width=\"72\" height=\"72\" src=\"http:\/\/hitaybaran.com\/wp-content\/uploads\/2020\/01\/neve-webdesign-GB-01.png\" alt=\"\" class=\"wp-image-18\"\/><\/figure>\n<\/div>\n\n\n<h3 class=\"has-text-align-center has-neve-text-color-color has-text-color wp-block-heading\">Kentsel D\u00f6n\u00fc\u015f\u00fcm<\/h3>\n\n\n\n<p class=\"has-text-align-center\">B\u00f6lge, ada ve yap\u0131 \u00f6l\u00e7e\u011finde Kentsel D\u00f6n\u00fc\u015f\u00fcm uygulamalar\u0131 s\u00fcre\u00e7 y\u00f6netimini ger\u00e7ekle\u015ftirmek<\/p>\n\n\n\n<div style=\"height:20px\" aria-hidden=\"true\" class=\"wp-block-spacer\"><\/div>\n<\/div>\n<\/div>\n\n\n\n<div class=\"wp-block-cover alignfull\" style=\"min-height:600px;aspect-ratio:unset;\"><span aria-hidden=\"true\" class=\"wp-block-cover__background has-nv-light-bg-background-color has-background-dim-100 has-background-dim\"><\/span><div class=\"wp-block-cover__inner-container is-layout-flow wp-block-cover-is-layout-flow\">\n<div class=\"wp-block-group\"><div class=\"wp-block-group__inner-container is-layout-flow wp-block-group-is-layout-flow\">\n<div style=\"height:80px\" aria-hidden=\"true\" class=\"wp-block-spacer\"><\/div>\n\n\n\n<div class=\"wp-block-columns are-vertically-aligned-center is-layout-flex wp-container-core-columns-is-layout-9d6595d7 wp-block-columns-is-layout-flex\">\n<div class=\"wp-block-column is-vertically-aligned-center is-layout-flow wp-block-column-is-layout-flow\" style=\"flex-basis:50%\">\n<figure class=\"wp-block-image size-large\"><img loading=\"lazy\" decoding=\"async\" width=\"1024\" height=\"769\" src=\"http:\/\/hitaybaran.com\/wp-content\/uploads\/2022\/10\/21K-2a-1024x769.jpg\" alt=\"\" class=\"wp-image-420\" srcset=\"https:\/\/hitaybaran.com\/wp-content\/uploads\/2022\/10\/21K-2a-1024x769.jpg 1024w, https:\/\/hitaybaran.com\/wp-content\/uploads\/2022\/10\/21K-2a-300x225.jpg 300w, https:\/\/hitaybaran.com\/wp-content\/uploads\/2022\/10\/21K-2a-768x577.jpg 768w, https:\/\/hitaybaran.com\/wp-content\/uploads\/2022\/10\/21K-2a-1536x1154.jpg 1536w, https:\/\/hitaybaran.com\/wp-content\/uploads\/2022\/10\/21K-2a-2048x1539.jpg 2048w\" sizes=\"auto, (max-width: 1024px) 100vw, 1024px\" \/><\/figure>\n<\/div>\n\n\n\n<div class=\"wp-block-column is-vertically-aligned-center is-layout-flow wp-block-column-is-layout-flow\" style=\"flex-basis:50%\">\n<div style=\"height:20px\" aria-hidden=\"true\" class=\"wp-block-spacer\"><\/div>\n\n\n\n<h2 class=\"has-text-align-left has-neve-text-color-color has-text-color wp-block-heading\">\u0130mar Planlama <\/h2>\n\n\n\n<h2 class=\"has-text-align-left has-neve-text-color-color has-text-color wp-block-heading\">Yap\u0131m ve Dan\u0131\u015fmanl\u0131\u011f\u0131<\/h2>\n\n\n\n<p class=\"has-text-align-left has-neve-text-color-color has-text-color\" style=\"font-size:17px\">T\u00fcm \u00f6l\u00e7eklerde ihtiyac\u0131n\u0131z olan imar planlama hizmetini y\u0131llar\u0131n vermi\u015f oldu\u011fu deneyimle size sunuyoruz. B\u00fcy\u00fck\u015fehir ve \u0130l\u00e7e Belediyeleri, \u00c7evre, \u015eehircilik ve \u0130klim De\u011fi\u015fikli\u011fi Bakanl\u0131\u011f\u0131, K\u00fclt\u00fcr ve Turizm Bakanl\u0131\u011f\u0131, \u00d6zelle\u015ftirme \u0130daresi Ba\u015fkanl\u0131\u011f\u0131, Toplu Konut \u0130daresi Ba\u015fkanl\u0131\u011f\u0131 nezdinde imar planlar\u0131 haz\u0131rl\u0131yoruz ve onay s\u00fcre\u00e7lerini takip ediyoruz. <\/p>\n\n\n\n<p class=\"has-text-align-left has-neve-text-color-color has-text-color\" style=\"font-size:17px\">\u0130mar hukuku dosyalar\u0131n\u0131 ve davalar\u0131n\u0131 \u015fehir planc\u0131s\u0131 g\u00f6z\u00fcyle inceliyoruz, b\u00fct\u00fcnc\u00fcl yakla\u015f\u0131m i\u00e7in disiplinler aras\u0131 ara\u015ft\u0131rma yap\u0131yoruz ve g\u00f6r\u00fc\u015f olu\u015fturuyoruz.  <\/p>\n\n\n\n<div class=\"wp-block-buttons is-horizontal is-content-justification-left is-layout-flex wp-container-core-buttons-is-layout-7e5fce0a wp-block-buttons-is-layout-flex\">\n<div class=\"wp-block-button is-style-primary\"><a class=\"wp-block-button__link\" href=\"http:\/\/hitaybaran.com\/index.php\/hizmetlerim\/\">DETAY<\/a><\/div>\n<\/div>\n<\/div>\n<\/div>\n\n\n\n<div style=\"height:40px\" aria-hidden=\"true\" class=\"wp-block-spacer\"><\/div>\n<\/div><\/div>\n<\/div><\/div>\n\n\n\n<div class=\"wp-block-cover alignfull\" style=\"min-height:600px;aspect-ratio:unset;\"><span aria-hidden=\"true\" class=\"wp-block-cover__background has-nv-site-bg-background-color has-background-dim-100 has-background-dim\"><\/span><div class=\"wp-block-cover__inner-container is-layout-flow wp-block-cover-is-layout-flow\">\n<div class=\"wp-block-group\"><div class=\"wp-block-group__inner-container is-layout-flow wp-block-group-is-layout-flow\">\n<div style=\"height:80px\" aria-hidden=\"true\" class=\"wp-block-spacer\"><\/div>\n\n\n\n<div class=\"wp-block-columns are-vertically-aligned-center is-layout-flex wp-container-core-columns-is-layout-9d6595d7 wp-block-columns-is-layout-flex\">\n<div class=\"wp-block-column is-vertically-aligned-center is-layout-flow wp-block-column-is-layout-flow\" style=\"flex-basis:50%\">\n<h2 class=\"has-text-align-left has-neve-text-color-color has-text-color wp-block-heading\">Gayrimenkul ve Proje Dan\u0131\u015fmanl\u0131\u011f\u0131<\/h2>\n\n\n\n<p>A<\/p>\n\n\n\n<p class=\"has-text-align-left has-neve-text-color-color has-text-color\" style=\"font-size:17px\">Yat\u0131r\u0131mlar\u0131n\u0131zda gayrimenkul dan\u0131\u015fmanl\u0131\u011f\u0131 yaparak do\u011fru alanda yat\u0131r\u0131mlar\u0131n\u0131za destek oluyor, gayrimenkullerinizin proje y\u00f6netimlerini ger\u00e7ekle\u015ftiriyoruz. <\/p>\n\n\n\n<p class=\"has-text-align-left has-neve-text-color-color has-text-color\" style=\"font-size:17px\">Ayr\u0131ca gayrimenkullerinizin ulusal ve uluslararas\u0131 kurumsal markalara kiralanmas\u0131 \u00fczerine profesyonel destek veriyoruz. <\/p>\n\n\n\n<p class=\"has-text-align-left has-neve-text-color-color has-text-color\" style=\"font-size:17px\">Bir yat\u0131r\u0131m ve in\u015faat projenizin imar planlamas\u0131 a\u015famas\u0131ndan, imar uygulamas\u0131, projelendirilmesi, in\u015faat ruhsat\u0131, in\u015faat kontroll\u00fck ve yap\u0131 kullanma izin belgesi al\u0131m\u0131na kadar olan s\u00fcre\u00e7lerin organizasyonunu ger\u00e7ekle\u015ftiriyoruz.<\/p>\n\n\n\n<p><\/p>\n\n\n\n<p>A<\/p>\n\n\n\n<div class=\"wp-block-buttons is-horizontal is-content-justification-left is-layout-flex wp-container-core-buttons-is-layout-7e5fce0a wp-block-buttons-is-layout-flex\">\n<div class=\"wp-block-button is-style-primary\"><a class=\"wp-block-button__link\" href=\"http:\/\/hitaybaran.com\/index.php\/hizmetlerim\/\">Detaylar<\/a><\/div>\n<\/div>\n\n\n\n<div style=\"height:40px\" aria-hidden=\"true\" class=\"wp-block-spacer\"><\/div>\n<\/div>\n\n\n\n<div class=\"wp-block-column is-vertically-aligned-center is-layout-flow wp-block-column-is-layout-flow\" style=\"flex-basis:50%\">\n<figure class=\"wp-block-gallery has-nested-images columns-default is-cropped wp-block-gallery-1 is-layout-flex wp-block-gallery-is-layout-flex\">\n<figure class=\"wp-block-image size-large\"><img loading=\"lazy\" decoding=\"async\" width=\"1024\" height=\"826\" data-id=\"413\" src=\"http:\/\/hitaybaran.com\/wp-content\/uploads\/2022\/10\/gemi35-1024x826.jpg\" alt=\"\" class=\"wp-image-413\" srcset=\"https:\/\/hitaybaran.com\/wp-content\/uploads\/2022\/10\/gemi35-1024x826.jpg 1024w, https:\/\/hitaybaran.com\/wp-content\/uploads\/2022\/10\/gemi35-300x242.jpg 300w, https:\/\/hitaybaran.com\/wp-content\/uploads\/2022\/10\/gemi35-768x619.jpg 768w, https:\/\/hitaybaran.com\/wp-content\/uploads\/2022\/10\/gemi35-1536x1238.jpg 1536w, https:\/\/hitaybaran.com\/wp-content\/uploads\/2022\/10\/gemi35.jpg 1729w\" sizes=\"auto, (max-width: 1024px) 100vw, 1024px\" \/><\/figure>\n<\/figure>\n<\/div>\n<\/div>\n\n\n\n<div style=\"height:40px\" aria-hidden=\"true\" class=\"wp-block-spacer\"><\/div>\n<\/div><\/div>\n<\/div><\/div>\n\n\n\n<div class=\"wp-block-cover alignfull\" style=\"min-height:600px;aspect-ratio:unset;\"><span aria-hidden=\"true\" class=\"wp-block-cover__background has-nv-dark-bg-background-color has-background-dim-100 has-background-dim\"><\/span><div class=\"wp-block-cover__inner-container is-layout-flow wp-block-cover-is-layout-flow\">\n<div class=\"wp-block-group\"><div class=\"wp-block-group__inner-container is-layout-flow wp-block-group-is-layout-flow\">\n<div style=\"height:80px\" aria-hidden=\"true\" class=\"wp-block-spacer\"><\/div>\n\n\n\n<div class=\"wp-block-columns are-vertically-aligned-center is-layout-flex wp-container-core-columns-is-layout-9d6595d7 wp-block-columns-is-layout-flex\">\n<div class=\"wp-block-column is-vertically-aligned-center is-layout-flow wp-block-column-is-layout-flow\" style=\"flex-basis:50%\">\n<figure class=\"wp-block-image size-large\"><img loading=\"lazy\" decoding=\"async\" width=\"1024\" height=\"450\" src=\"http:\/\/hitaybaran.com\/wp-content\/uploads\/2022\/10\/dikili-1024x450.png\" alt=\"\" class=\"wp-image-423\" srcset=\"https:\/\/hitaybaran.com\/wp-content\/uploads\/2022\/10\/dikili-1024x450.png 1024w, https:\/\/hitaybaran.com\/wp-content\/uploads\/2022\/10\/dikili-300x132.png 300w, https:\/\/hitaybaran.com\/wp-content\/uploads\/2022\/10\/dikili-768x338.png 768w, https:\/\/hitaybaran.com\/wp-content\/uploads\/2022\/10\/dikili.png 1235w\" sizes=\"auto, (max-width: 1024px) 100vw, 1024px\" \/><\/figure>\n<\/div>\n\n\n\n<div class=\"wp-block-column is-vertically-aligned-center is-layout-flow wp-block-column-is-layout-flow\" style=\"flex-basis:50%\">\n<div style=\"height:40px\" aria-hidden=\"true\" class=\"wp-block-spacer\"><\/div>\n\n\n\n<h2 class=\"has-text-align-left has-nv-text-dark-bg-color has-text-color wp-block-heading\">Tar\u0131ma Dayal\u0131 \u0130htisas OSB ve Karma OSB Dan\u0131\u015fmanl\u0131\u011f\u0131<\/h2>\n\n\n\n<p class=\"has-text-align-left has-nv-text-dark-bg-color has-text-color\" style=\"font-size:17px\">Tar\u0131m ve Orman Bakanl\u0131\u011f\u0131&#8217;n\u0131n y\u00fcr\u00fctm\u00fc\u015f oldu\u011fu Tar\u0131ma Dayal\u0131 \u0130htisas Organize Sanayi B\u00f6lgeleri ile Sanayi ve Teknoloji Bakanl\u0131\u011f\u0131&#8217;n\u0131n y\u00fcr\u00fctm\u00fc\u015f oldu\u011fu OSB&#8217;lerin, Ticaret Bakanl\u0131\u011f\u0131&#8217;n\u0131n y\u00fcr\u00fctm\u00fc\u015f oldu\u011fu Serbest B\u00f6lgelerin yer se\u00e7imlerini ger\u00e7ekle\u015ftiriyoruz. Kurulu\u015flar\u0131n\u0131 ger\u00e7ekle\u015ftiriyoruz. Fizibilite raporu, harita, imara esas jeolojik et\u00fcd, yerle\u015fim plan\u0131, imar plan\u0131, \u00fcst mod\u00fcl projesi, altyap\u0131 projelerini yap\u0131yoruz.  OSB&#8217;lere idari ve teknik dan\u0131\u015fmanl\u0131k hizmeti sunuyoruz. <\/p>\n\n\n\n<div class=\"wp-block-buttons is-horizontal is-content-justification-left is-layout-flex wp-container-core-buttons-is-layout-7e5fce0a wp-block-buttons-is-layout-flex\">\n<div class=\"wp-block-button is-style-primary\"><a class=\"wp-block-button__link\" href=\"http:\/\/hitaybaran.com\/index.php\/hizmetlerim\/\">Detaylar<\/a><\/div>\n<\/div>\n<\/div>\n<\/div>\n\n\n\n<div style=\"height:50px\" aria-hidden=\"true\" class=\"wp-block-spacer\"><\/div>\n<\/div><\/div>\n<\/div><\/div>\n\n\n\n<div class=\"wp-block-cover alignfull\" style=\"min-height:600px;aspect-ratio:unset;\"><span aria-hidden=\"true\" class=\"wp-block-cover__background has-nv-site-bg-background-color has-background-dim-100 has-background-dim\"><\/span><div class=\"wp-block-cover__inner-container is-layout-flow wp-block-cover-is-layout-flow\">\n<div class=\"wp-block-group\"><div class=\"wp-block-group__inner-container is-layout-flow wp-block-group-is-layout-flow\">\n<div style=\"height:80px\" aria-hidden=\"true\" class=\"wp-block-spacer\"><\/div>\n\n\n\n<h2 class=\"has-text-align-center has-neve-text-color-color has-text-color wp-block-heading\"><a href=\"http:\/\/hitaybaran.com\/index.php\/hakkimda\/\">DR. H\u0130TAY BARAN K\u0130MD\u0130R ? <\/a><\/h2>\n\n\n\n<div style=\"height:20px\" aria-hidden=\"true\" class=\"wp-block-spacer\"><\/div>\n\n\n\n<div class=\"wp-block-columns are-vertically-aligned-center is-layout-flex wp-container-core-columns-is-layout-9d6595d7 wp-block-columns-is-layout-flex\">\n<div class=\"wp-block-column is-vertically-aligned-center is-layout-flow wp-block-column-is-layout-flow\" style=\"flex-basis:33.34%\">\n<div style=\"height:40px\" aria-hidden=\"true\" class=\"wp-block-spacer\"><\/div>\n<\/div>\n\n\n\n<div class=\"wp-block-column is-layout-flow wp-block-column-is-layout-flow\" style=\"flex-basis:33.34%\">\n<figure class=\"wp-block-image size-full\"><img loading=\"lazy\" decoding=\"async\" width=\"300\" height=\"300\" src=\"http:\/\/hitaybaran.com\/wp-content\/uploads\/2022\/10\/hitay-baran.jpg\" alt=\"\" class=\"wp-image-386\" srcset=\"https:\/\/hitaybaran.com\/wp-content\/uploads\/2022\/10\/hitay-baran.jpg 300w, https:\/\/hitaybaran.com\/wp-content\/uploads\/2022\/10\/hitay-baran-150x150.jpg 150w\" sizes=\"auto, (max-width: 300px) 100vw, 300px\" \/><\/figure>\n<\/div>\n\n\n\n<div class=\"wp-block-column is-layout-flow wp-block-column-is-layout-flow\" style=\"flex-basis:33.33%\"><\/div>\n<\/div>\n\n\n\n<div style=\"height:40px\" aria-hidden=\"true\" class=\"wp-block-spacer\"><\/div>\n<\/div><\/div>\n<\/div><\/div>\n\n\n\n<div class=\"wp-block-cover alignfull\" style=\"min-height:300px;aspect-ratio:unset;\"><span aria-hidden=\"true\" class=\"wp-block-cover__background has-nv-dark-bg-background-color has-background-dim-100 has-background-dim\"><\/span><div class=\"wp-block-cover__inner-container is-layout-flow wp-block-cover-is-layout-flow\">\n<div style=\"height:140px\" aria-hidden=\"true\" class=\"wp-block-spacer\"><\/div>\n\n\n\n<h2 class=\"has-text-align-center has-nv-text-dark-bg-color has-text-color wp-block-heading\">Dr. Hitay Baran<\/h2>\n\n\n\n<h2 class=\"has-text-align-center has-nv-text-dark-bg-color has-text-color wp-block-heading\">Planlama, Gayrimenkul ve Proje Dan\u0131\u015fmanl\u0131k<\/h2>\n\n\n\n<p class=\"has-text-align-center\">23 Y\u0131ll\u0131k \u0130zmir Ticaret Odas\u0131 profesyonel hizmetinden sonra edindi\u011fi bilgi birikimi ve tecr\u00fcbeyle projelerinizde yan\u0131n\u0131zda<\/p>\n\n\n\n<div class=\"wp-block-buttons is-horizontal is-content-justification-center is-layout-flex wp-container-core-buttons-is-layout-499968f5 wp-block-buttons-is-layout-flex\">\n<div class=\"wp-block-button is-style-primary\"><a class=\"wp-block-button__link\" href=\"http:\/\/hitaybaran.com\/wp-content\/uploads\/2022\/10\/projeler.pdf\">Yapt\u0131\u011f\u0131 Proje Referanslar\u0131<\/a><\/div>\n<\/div>\n\n\n\n<div style=\"height:140px\" aria-hidden=\"true\" class=\"wp-block-spacer\"><\/div>\n<\/div><\/div>\n","protected":false},"excerpt":{"rendered":"<p>\u0130mar Planlama \u015eehir ve B\u00f6lge planlama, her t\u00fcr \u00f6l\u00e7ekte imar plan\u0131, imar uygulamalar\u0131 ihtiya\u00e7lar\u0131n\u0131zda profesyonel destek ve hizmet Gayrimenkul Dan\u0131\u015fmanl\u0131\u011f\u0131 Gayrimenkul yat\u0131r\u0131m, gayrimenkul geli\u015ftirme ve kurumsal markalara gayrimenkul kiralama dan\u0131\u015fmanl\u0131\u011f\u0131 Proje Y\u00f6netimi Her \u00f6l\u00e7ekteki proje ve in\u015faat organizasyonlar\u0131n\u0131 y\u00f6netmek, proje y\u00f6netimi hizmetini vermek (imar plan\u0131ndan yap\u0131 kullanma izin belgesine kadar) Organize Sanayi B\u00f6lgeleri Tar\u0131ma Dayal\u0131&hellip;&nbsp;<a href=\"https:\/\/hitaybaran.com\/\" class=\"\" rel=\"bookmark\">Daha fazlas\u0131n\u0131 oku &raquo;<span class=\"screen-reader-text\">Anasayfa<\/span><\/a><\/p>\n","protected":false},"author":1,"featured_media":0,"parent":0,"menu_order":0,"comment_status":"closed","ping_status":"closed","template":"","meta":{"neve_meta_sidebar":"default","neve_meta_container":"default","neve_meta_enable_content_width":"on","neve_meta_content_width":100,"neve_meta_title_alignment":"","neve_meta_author_avatar":"","neve_post_elements_order":"","neve_meta_disable_header":"","neve_meta_disable_footer":"","neve_meta_disable_title":"on","_ti_tpc_template_sync":false,"_ti_tpc_template_id":"cwhkd9lki581rusuhjti","footnotes":""},"class_list":["post-308","page","type-page","status-publish","hentry"],"_links":{"self":[{"href":"https:\/\/hitaybaran.com\/index.php\/wp-json\/wp\/v2\/pages\/308","targetHints":{"allow":["GET"]}}],"collection":[{"href":"https:\/\/hitaybaran.com\/index.php\/wp-json\/wp\/v2\/pages"}],"about":[{"href":"https:\/\/hitaybaran.com\/index.php\/wp-json\/wp\/v2\/types\/page"}],"author":[{"embeddable":true,"href":"https:\/\/hitaybaran.com\/index.php\/wp-json\/wp\/v2\/users\/1"}],"replies":[{"embeddable":true,"href":"https:\/\/hitaybaran.com\/index.php\/wp-json\/wp\/v2\/comments?post=308"}],"version-history":[{"count":22,"href":"https:\/\/hitaybaran.com\/index.php\/wp-json\/wp\/v2\/pages\/308\/revisions"}],"predecessor-version":[{"id":446,"href":"https:\/\/hitaybaran.com\/index.php\/wp-json\/wp\/v2\/pages\/308\/revisions\/446"}],"wp:attachment":[{"href":"https:\/\/hitaybaran.com\/index.php\/wp-json\/wp\/v2\/media?parent=308"}],"curies":[{"name":"wp","href":"https:\/\/api.w.org\/{rel}","templated":true}]}}