{"id":69,"date":"2020-01-27T08:05:29","date_gmt":"2020-01-27T05:05:29","guid":{"rendered":"https:\/\/demosites.io\/web-agency-gb\/?page_id=69"},"modified":"2022-10-17T11:30:18","modified_gmt":"2022-10-17T08:30:18","slug":"hizmetlerim","status":"publish","type":"page","link":"https:\/\/hitaybaran.com\/index.php\/hizmetlerim\/","title":{"rendered":"Hizmetlerim"},"content":{"rendered":"\n<div class=\"wp-block-cover alignfull\" style=\"min-height:300px;aspect-ratio:unset;\"><span aria-hidden=\"true\" class=\"wp-block-cover__background has-nv-site-bg-background-color has-background-dim-100 has-background-dim\"><\/span><div class=\"wp-block-cover__inner-container is-layout-flow wp-block-cover-is-layout-flow\">\n<div class=\"wp-block-group\"><div class=\"wp-block-group__inner-container is-layout-flow wp-block-group-is-layout-flow\">\n<h1 class=\"has-text-align-left has-neve-text-color-color has-text-color wp-block-heading\">Hizmetlerim<\/h1>\n<\/div><\/div>\n<\/div><\/div>\n\n\n\n<div class=\"wp-block-cover alignfull\" style=\"min-height:600px;aspect-ratio:unset;\"><span aria-hidden=\"true\" class=\"wp-block-cover__background has-nv-light-bg-background-color has-background-dim-100 has-background-dim\"><\/span><div class=\"wp-block-cover__inner-container is-layout-flow wp-block-cover-is-layout-flow\">\n<div class=\"wp-block-group\"><div class=\"wp-block-group__inner-container is-layout-flow wp-block-group-is-layout-flow\">\n<div style=\"height:80px\" aria-hidden=\"true\" class=\"wp-block-spacer\"><\/div>\n\n\n\n<div class=\"wp-block-columns are-vertically-aligned-center is-layout-flex wp-container-core-columns-is-layout-9d6595d7 wp-block-columns-is-layout-flex\">\n<div class=\"wp-block-column is-vertically-aligned-center is-layout-flow wp-block-column-is-layout-flow\" style=\"flex-basis:50%\">\n<figure class=\"wp-block-image size-large is-resized\"><img loading=\"lazy\" decoding=\"async\" src=\"http:\/\/hitaybaran.com\/wp-content\/uploads\/2022\/10\/Urban-Planning_750x400-1024x756.png\" alt=\"\" class=\"wp-image-372\" width=\"567\" height=\"418\" srcset=\"https:\/\/hitaybaran.com\/wp-content\/uploads\/2022\/10\/Urban-Planning_750x400-1024x756.png 1024w, https:\/\/hitaybaran.com\/wp-content\/uploads\/2022\/10\/Urban-Planning_750x400-300x221.png 300w, https:\/\/hitaybaran.com\/wp-content\/uploads\/2022\/10\/Urban-Planning_750x400-768x567.png 768w, https:\/\/hitaybaran.com\/wp-content\/uploads\/2022\/10\/Urban-Planning_750x400-1536x1134.png 1536w, https:\/\/hitaybaran.com\/wp-content\/uploads\/2022\/10\/Urban-Planning_750x400-2048x1512.png 2048w\" sizes=\"auto, (max-width: 567px) 100vw, 567px\" \/><\/figure>\n\n\n\n<h3 class=\"has-text-align-center has-neve-text-color-color has-text-color wp-block-heading\">\u015eehir B\u00f6lge Planlama<\/h3>\n\n\n\n<p class=\"has-text-align-center has-neve-text-color-color has-text-color\">\u015eehir ve B\u00f6lge planlama, her t\u00fcr \u00f6l\u00e7ekte imar plan\u0131, imar uygulamalar\u0131 ihtiya\u00e7lar\u0131n\u0131zda profesyonel destek ve hizmet<\/p>\n\n\n\n<div class=\"wp-block-buttons is-content-justification-center is-layout-flex wp-container-core-buttons-is-layout-16018d1d wp-block-buttons-is-layout-flex\"><\/div>\n\n\n\n<div style=\"height:40px\" aria-hidden=\"true\" class=\"wp-block-spacer\"><\/div>\n<\/div>\n\n\n\n<div class=\"wp-block-column is-vertically-aligned-center is-layout-flow wp-block-column-is-layout-flow\" style=\"flex-basis:50%\">\n<figure class=\"wp-block-image size-full is-resized\"><img loading=\"lazy\" decoding=\"async\" src=\"http:\/\/hitaybaran.com\/wp-content\/uploads\/2022\/10\/home-planing-edited.jpg\" alt=\"\" class=\"wp-image-395\" width=\"566\" height=\"310\"\/><\/figure>\n\n\n\n<h3 class=\"has-text-align-center has-neve-text-color-color has-text-color wp-block-heading\">Gayrimenkul Dan\u0131\u015fmanl\u0131\u011f\u0131<\/h3>\n\n\n\n<p class=\"has-text-align-center has-neve-text-color-color has-text-color\">Gayrimenkul yat\u0131r\u0131m, gayrimenkul geli\u015ftirme ve kurumsal markalara gayrimenkul kiralama dan\u0131\u015fmanl\u0131\u011f\u0131<\/p>\n\n\n\n<div class=\"wp-block-buttons is-content-justification-center is-layout-flex wp-container-core-buttons-is-layout-16018d1d wp-block-buttons-is-layout-flex\"><\/div>\n\n\n\n<div style=\"height:40px\" aria-hidden=\"true\" class=\"wp-block-spacer\"><\/div>\n<\/div>\n<\/div>\n\n\n\n<div style=\"height:40px\" aria-hidden=\"true\" class=\"wp-block-spacer\"><\/div>\n<\/div><\/div>\n<\/div><\/div>\n\n\n\n<div class=\"wp-block-cover alignfull\" style=\"min-height:600px;aspect-ratio:unset;\"><span aria-hidden=\"true\" class=\"wp-block-cover__background has-nv-site-bg-background-color has-background-dim-100 has-background-dim\"><\/span><div class=\"wp-block-cover__inner-container is-layout-flow wp-block-cover-is-layout-flow\">\n<div class=\"wp-block-group\"><div class=\"wp-block-group__inner-container is-layout-flow wp-block-group-is-layout-flow\">\n<div style=\"height:80px\" aria-hidden=\"true\" class=\"wp-block-spacer\"><\/div>\n\n\n\n<div class=\"wp-block-columns are-vertically-aligned-center is-layout-flex wp-container-core-columns-is-layout-9d6595d7 wp-block-columns-is-layout-flex\">\n<div class=\"wp-block-column is-vertically-aligned-center is-layout-flow wp-block-column-is-layout-flow\" style=\"flex-basis:50%\">\n<figure class=\"wp-block-image size-large\"><img loading=\"lazy\" decoding=\"async\" width=\"600\" height=\"600\" src=\"http:\/\/hitaybaran.com\/wp-content\/uploads\/2020\/01\/neve-web-design-bg-09.jpg\" alt=\"\" class=\"wp-image-36\"\/><\/figure>\n\n\n\n<h3 class=\"has-text-align-center has-neve-text-color-color has-text-color wp-block-heading\">Proje Dan\u0131\u015fmanl\u0131\u011f\u0131<\/h3>\n\n\n\n<p class=\"has-text-align-center has-neve-text-color-color has-text-color\">Her \u00f6l\u00e7ekteki proje ve in\u015faat organizasyonlar\u0131n\u0131 y\u00f6netmek, proje y\u00f6netimi hizmetini vermek<\/p>\n\n\n\n<div class=\"wp-block-buttons is-content-justification-center is-layout-flex wp-container-core-buttons-is-layout-16018d1d wp-block-buttons-is-layout-flex\"><\/div>\n\n\n\n<div style=\"height:40px\" aria-hidden=\"true\" class=\"wp-block-spacer\"><\/div>\n<\/div>\n\n\n\n<div class=\"wp-block-column is-vertically-aligned-center is-layout-flow wp-block-column-is-layout-flow\" style=\"flex-basis:50%\">\n<figure class=\"wp-block-image size-large\"><img loading=\"lazy\" decoding=\"async\" width=\"600\" height=\"600\" src=\"http:\/\/hitaybaran.com\/wp-content\/uploads\/2020\/01\/neve-web-design-bg-15.jpg\" alt=\"\" class=\"wp-image-42\"\/><\/figure>\n\n\n\n<h3 class=\"has-text-align-center has-neve-text-color-color has-text-color wp-block-heading\">Kent D\u00f6n\u00fc\u015f\u00fcm<\/h3>\n\n\n\n<p class=\"has-text-align-center has-neve-text-color-color has-text-color\">B\u00f6lge, ada ve yap\u0131 \u00f6l\u00e7e\u011finde Kentsel D\u00f6n\u00fc\u015f\u00fcm uygulamalar\u0131 s\u00fcre\u00e7 y\u00f6netimini ger\u00e7ekle\u015ftirmek<\/p>\n\n\n\n<div class=\"wp-block-buttons is-content-justification-center is-layout-flex wp-container-core-buttons-is-layout-16018d1d wp-block-buttons-is-layout-flex\"><\/div>\n\n\n\n<div style=\"height:40px\" aria-hidden=\"true\" class=\"wp-block-spacer\"><\/div>\n<\/div>\n<\/div>\n\n\n\n<div style=\"height:40px\" aria-hidden=\"true\" class=\"wp-block-spacer\"><\/div>\n<\/div><\/div>\n<\/div><\/div>\n","protected":false},"excerpt":{"rendered":"","protected":false},"author":1,"featured_media":0,"parent":0,"menu_order":0,"comment_status":"closed","ping_status":"closed","template":"","meta":{"neve_meta_sidebar":"full-width","neve_meta_container":"","neve_meta_enable_content_width":"on","neve_meta_content_width":100,"neve_meta_title_alignment":"","neve_meta_author_avatar":"","neve_post_elements_order":"","neve_meta_disable_header":"","neve_meta_disable_footer":"","neve_meta_disable_title":"on","_ti_tpc_template_sync":false,"_ti_tpc_template_id":"t3x60x1arljpehhy6mr6","footnotes":""},"class_list":["post-69","page","type-page","status-publish","hentry"],"_links":{"self":[{"href":"https:\/\/hitaybaran.com\/index.php\/wp-json\/wp\/v2\/pages\/69","targetHints":{"allow":["GET"]}}],"collection":[{"href":"https:\/\/hitaybaran.com\/index.php\/wp-json\/wp\/v2\/pages"}],"about":[{"href":"https:\/\/hitaybaran.com\/index.php\/wp-json\/wp\/v2\/types\/page"}],"author":[{"embeddable":true,"href":"https:\/\/hitaybaran.com\/index.php\/wp-json\/wp\/v2\/users\/1"}],"replies":[{"embeddable":true,"href":"https:\/\/hitaybaran.com\/index.php\/wp-json\/wp\/v2\/comments?post=69"}],"version-history":[{"count":5,"href":"https:\/\/hitaybaran.com\/index.php\/wp-json\/wp\/v2\/pages\/69\/revisions"}],"predecessor-version":[{"id":448,"href":"https:\/\/hitaybaran.com\/index.php\/wp-json\/wp\/v2\/pages\/69\/revisions\/448"}],"wp:attachment":[{"href":"https:\/\/hitaybaran.com\/index.php\/wp-json\/wp\/v2\/media?parent=69"}],"curies":[{"name":"wp","href":"https:\/\/api.w.org\/{rel}","templated":true}]}}